{"id":60,"date":"2026-03-09T20:59:15","date_gmt":"2026-03-09T20:59:15","guid":{"rendered":"https:\/\/retrogame.dk\/?page_id=60"},"modified":"2026-04-05T15:32:02","modified_gmt":"2026-04-05T15:32:02","slug":"arrangementer","status":"publish","type":"page","link":"https:\/\/retrogame.dk\/index.php\/arrangementer\/","title":{"rendered":"Arrangementer"},"content":{"rendered":"\n<h2 class=\"wp-block-heading\">Sci-Fi Con 2017<\/h2>\n\n\n\n<p class=\"has-white-color has-text-color has-link-color wp-elements-eb3876214dc55fdccc01c67230ceb991\">Vi var med til Sci-Fi Con i Randers for f\u00f8rste gang. Dengang hed det stadig Star Wars Messe. <br>Vi havde nogle enkelte maskiner med, som folk kunne pr\u00f8ve. Det var en stor succes, b\u00e5de for b\u00f8rn og voksne.<br><\/p>\n\n\n\n<figure class=\"wp-block-gallery has-nested-images columns-default is-cropped wp-block-gallery-1 is-layout-flex wp-block-gallery-is-layout-flex\">\n<figure class=\"wp-block-image size-large\"><img loading=\"lazy\" decoding=\"async\" width=\"1024\" height=\"683\" data-id=\"80\" src=\"https:\/\/retrogame.dk\/wp-content\/uploads\/2026\/03\/IMG_2541-1-1024x683.jpg\" alt=\"\" class=\"wp-image-80\" srcset=\"https:\/\/retrogame.dk\/wp-content\/uploads\/2026\/03\/IMG_2541-1-1024x683.jpg 1024w, https:\/\/retrogame.dk\/wp-content\/uploads\/2026\/03\/IMG_2541-1-300x200.jpg 300w, https:\/\/retrogame.dk\/wp-content\/uploads\/2026\/03\/IMG_2541-1-768x512.jpg 768w, https:\/\/retrogame.dk\/wp-content\/uploads\/2026\/03\/IMG_2541-1-1536x1024.jpg 1536w, https:\/\/retrogame.dk\/wp-content\/uploads\/2026\/03\/IMG_2541-1-2048x1365.jpg 2048w, https:\/\/retrogame.dk\/wp-content\/uploads\/2026\/03\/IMG_2541-1-1320x880.jpg 1320w, https:\/\/retrogame.dk\/wp-content\/uploads\/2026\/03\/IMG_2541-1-416x277.jpg 416w\" sizes=\"auto, (max-width: 1024px) 100vw, 1024px\" \/><\/figure>\n\n\n\n<figure class=\"wp-block-image size-large\"><img loading=\"lazy\" decoding=\"async\" width=\"1024\" height=\"683\" data-id=\"79\" src=\"https:\/\/retrogame.dk\/wp-content\/uploads\/2026\/03\/IMG_2537-1-1024x683.jpg\" alt=\"\" class=\"wp-image-79\" srcset=\"https:\/\/retrogame.dk\/wp-content\/uploads\/2026\/03\/IMG_2537-1-1024x683.jpg 1024w, https:\/\/retrogame.dk\/wp-content\/uploads\/2026\/03\/IMG_2537-1-300x200.jpg 300w, https:\/\/retrogame.dk\/wp-content\/uploads\/2026\/03\/IMG_2537-1-768x512.jpg 768w, https:\/\/retrogame.dk\/wp-content\/uploads\/2026\/03\/IMG_2537-1-1536x1024.jpg 1536w, https:\/\/retrogame.dk\/wp-content\/uploads\/2026\/03\/IMG_2537-1-2048x1365.jpg 2048w, https:\/\/retrogame.dk\/wp-content\/uploads\/2026\/03\/IMG_2537-1-1320x880.jpg 1320w, https:\/\/retrogame.dk\/wp-content\/uploads\/2026\/03\/IMG_2537-1-416x277.jpg 416w\" sizes=\"auto, (max-width: 1024px) 100vw, 1024px\" \/><\/figure>\n\n\n\n<figure class=\"wp-block-image size-large\"><img loading=\"lazy\" decoding=\"async\" width=\"1024\" height=\"683\" data-id=\"77\" src=\"https:\/\/retrogame.dk\/wp-content\/uploads\/2026\/03\/IMG_2545-1024x683.jpg\" alt=\"\" class=\"wp-image-77\" srcset=\"https:\/\/retrogame.dk\/wp-content\/uploads\/2026\/03\/IMG_2545-1024x683.jpg 1024w, https:\/\/retrogame.dk\/wp-content\/uploads\/2026\/03\/IMG_2545-300x200.jpg 300w, https:\/\/retrogame.dk\/wp-content\/uploads\/2026\/03\/IMG_2545-768x512.jpg 768w, https:\/\/retrogame.dk\/wp-content\/uploads\/2026\/03\/IMG_2545-1536x1024.jpg 1536w, https:\/\/retrogame.dk\/wp-content\/uploads\/2026\/03\/IMG_2545-2048x1365.jpg 2048w, https:\/\/retrogame.dk\/wp-content\/uploads\/2026\/03\/IMG_2545-1320x880.jpg 1320w, https:\/\/retrogame.dk\/wp-content\/uploads\/2026\/03\/IMG_2545-416x277.jpg 416w\" sizes=\"auto, (max-width: 1024px) 100vw, 1024px\" \/><\/figure>\n\n\n\n<figure class=\"wp-block-image size-large\"><img loading=\"lazy\" decoding=\"async\" width=\"1024\" height=\"683\" data-id=\"78\" src=\"https:\/\/retrogame.dk\/wp-content\/uploads\/2026\/03\/IMG_2550-1024x683.jpg\" alt=\"\" class=\"wp-image-78\" srcset=\"https:\/\/retrogame.dk\/wp-content\/uploads\/2026\/03\/IMG_2550-1024x683.jpg 1024w, https:\/\/retrogame.dk\/wp-content\/uploads\/2026\/03\/IMG_2550-300x200.jpg 300w, https:\/\/retrogame.dk\/wp-content\/uploads\/2026\/03\/IMG_2550-768x512.jpg 768w, https:\/\/retrogame.dk\/wp-content\/uploads\/2026\/03\/IMG_2550-1536x1024.jpg 1536w, https:\/\/retrogame.dk\/wp-content\/uploads\/2026\/03\/IMG_2550-2048x1365.jpg 2048w, https:\/\/retrogame.dk\/wp-content\/uploads\/2026\/03\/IMG_2550-1320x880.jpg 1320w, https:\/\/retrogame.dk\/wp-content\/uploads\/2026\/03\/IMG_2550-416x277.jpg 416w\" sizes=\"auto, (max-width: 1024px) 100vw, 1024px\" \/><\/figure>\n\n\n\n<figure class=\"wp-block-image size-large\"><img loading=\"lazy\" decoding=\"async\" width=\"1024\" height=\"683\" data-id=\"81\" src=\"https:\/\/retrogame.dk\/wp-content\/uploads\/2026\/03\/IMG_2563-1024x683.jpg\" alt=\"\" class=\"wp-image-81\" srcset=\"https:\/\/retrogame.dk\/wp-content\/uploads\/2026\/03\/IMG_2563-1024x683.jpg 1024w, https:\/\/retrogame.dk\/wp-content\/uploads\/2026\/03\/IMG_2563-300x200.jpg 300w, https:\/\/retrogame.dk\/wp-content\/uploads\/2026\/03\/IMG_2563-768x512.jpg 768w, https:\/\/retrogame.dk\/wp-content\/uploads\/2026\/03\/IMG_2563-1536x1024.jpg 1536w, https:\/\/retrogame.dk\/wp-content\/uploads\/2026\/03\/IMG_2563-2048x1365.jpg 2048w, https:\/\/retrogame.dk\/wp-content\/uploads\/2026\/03\/IMG_2563-1320x880.jpg 1320w, https:\/\/retrogame.dk\/wp-content\/uploads\/2026\/03\/IMG_2563-416x277.jpg 416w\" sizes=\"auto, (max-width: 1024px) 100vw, 1024px\" \/><\/figure>\n\n\n\n<figure class=\"wp-block-image size-large\"><img loading=\"lazy\" decoding=\"async\" width=\"1024\" height=\"683\" data-id=\"82\" src=\"https:\/\/retrogame.dk\/wp-content\/uploads\/2026\/03\/IMG_2577-1-1024x683.jpg\" alt=\"\" class=\"wp-image-82\" srcset=\"https:\/\/retrogame.dk\/wp-content\/uploads\/2026\/03\/IMG_2577-1-1024x683.jpg 1024w, https:\/\/retrogame.dk\/wp-content\/uploads\/2026\/03\/IMG_2577-1-300x200.jpg 300w, https:\/\/retrogame.dk\/wp-content\/uploads\/2026\/03\/IMG_2577-1-768x512.jpg 768w, https:\/\/retrogame.dk\/wp-content\/uploads\/2026\/03\/IMG_2577-1-1536x1024.jpg 1536w, https:\/\/retrogame.dk\/wp-content\/uploads\/2026\/03\/IMG_2577-1-2048x1365.jpg 2048w, https:\/\/retrogame.dk\/wp-content\/uploads\/2026\/03\/IMG_2577-1-1320x880.jpg 1320w, https:\/\/retrogame.dk\/wp-content\/uploads\/2026\/03\/IMG_2577-1-416x277.jpg 416w\" sizes=\"auto, (max-width: 1024px) 100vw, 1024px\" \/><\/figure>\n\n\n\n<figure class=\"wp-block-image size-large\"><img loading=\"lazy\" decoding=\"async\" width=\"1024\" height=\"683\" data-id=\"83\" src=\"https:\/\/retrogame.dk\/wp-content\/uploads\/2026\/03\/IMG_2594-1024x683.jpg\" alt=\"\" class=\"wp-image-83\" srcset=\"https:\/\/retrogame.dk\/wp-content\/uploads\/2026\/03\/IMG_2594-1024x683.jpg 1024w, https:\/\/retrogame.dk\/wp-content\/uploads\/2026\/03\/IMG_2594-300x200.jpg 300w, https:\/\/retrogame.dk\/wp-content\/uploads\/2026\/03\/IMG_2594-768x512.jpg 768w, https:\/\/retrogame.dk\/wp-content\/uploads\/2026\/03\/IMG_2594-1536x1024.jpg 1536w, https:\/\/retrogame.dk\/wp-content\/uploads\/2026\/03\/IMG_2594-2048x1365.jpg 2048w, https:\/\/retrogame.dk\/wp-content\/uploads\/2026\/03\/IMG_2594-1320x880.jpg 1320w, https:\/\/retrogame.dk\/wp-content\/uploads\/2026\/03\/IMG_2594-416x277.jpg 416w\" sizes=\"auto, (max-width: 1024px) 100vw, 1024px\" \/><\/figure>\n\n\n\n<figure class=\"wp-block-image size-large\"><img loading=\"lazy\" decoding=\"async\" width=\"1024\" height=\"683\" data-id=\"84\" src=\"https:\/\/retrogame.dk\/wp-content\/uploads\/2026\/03\/IMG_2596-1-1024x683.jpg\" alt=\"\" class=\"wp-image-84\" srcset=\"https:\/\/retrogame.dk\/wp-content\/uploads\/2026\/03\/IMG_2596-1-1024x683.jpg 1024w, https:\/\/retrogame.dk\/wp-content\/uploads\/2026\/03\/IMG_2596-1-300x200.jpg 300w, https:\/\/retrogame.dk\/wp-content\/uploads\/2026\/03\/IMG_2596-1-768x512.jpg 768w, https:\/\/retrogame.dk\/wp-content\/uploads\/2026\/03\/IMG_2596-1-1536x1024.jpg 1536w, https:\/\/retrogame.dk\/wp-content\/uploads\/2026\/03\/IMG_2596-1-2048x1365.jpg 2048w, https:\/\/retrogame.dk\/wp-content\/uploads\/2026\/03\/IMG_2596-1-1320x880.jpg 1320w, https:\/\/retrogame.dk\/wp-content\/uploads\/2026\/03\/IMG_2596-1-416x277.jpg 416w\" sizes=\"auto, (max-width: 1024px) 100vw, 1024px\" \/><\/figure>\n<\/figure>\n\n\n\n<h2 class=\"wp-block-heading\">Sci-Fi Con 2018<\/h2>\n\n\n\n<p>Vi var igen til stede til Sci-Fi Con og denne gang havde vi flere maskiner med samt en hjemmebygget arkade maskine.<br><\/p>\n\n\n\n<figure class=\"wp-block-gallery has-nested-images columns-default is-cropped wp-block-gallery-2 is-layout-flex wp-block-gallery-is-layout-flex\">\n<figure class=\"wp-block-image size-large\"><img loading=\"lazy\" decoding=\"async\" width=\"1024\" height=\"768\" data-id=\"94\" src=\"https:\/\/retrogame.dk\/wp-content\/uploads\/2026\/03\/IMG_3703-1-1024x768.jpg\" alt=\"\" class=\"wp-image-94\" srcset=\"https:\/\/retrogame.dk\/wp-content\/uploads\/2026\/03\/IMG_3703-1-1024x768.jpg 1024w, https:\/\/retrogame.dk\/wp-content\/uploads\/2026\/03\/IMG_3703-1-300x225.jpg 300w, https:\/\/retrogame.dk\/wp-content\/uploads\/2026\/03\/IMG_3703-1-768x576.jpg 768w, https:\/\/retrogame.dk\/wp-content\/uploads\/2026\/03\/IMG_3703-1-1536x1152.jpg 1536w, https:\/\/retrogame.dk\/wp-content\/uploads\/2026\/03\/IMG_3703-1-2048x1536.jpg 2048w, https:\/\/retrogame.dk\/wp-content\/uploads\/2026\/03\/IMG_3703-1-1320x990.jpg 1320w, https:\/\/retrogame.dk\/wp-content\/uploads\/2026\/03\/IMG_3703-1-324x243.jpg 324w, https:\/\/retrogame.dk\/wp-content\/uploads\/2026\/03\/IMG_3703-1-416x312.jpg 416w\" sizes=\"auto, (max-width: 1024px) 100vw, 1024px\" \/><\/figure>\n\n\n\n<figure class=\"wp-block-image size-large\"><img loading=\"lazy\" decoding=\"async\" width=\"1024\" height=\"683\" data-id=\"89\" src=\"https:\/\/retrogame.dk\/wp-content\/uploads\/2026\/03\/IMG_2888-1024x683.jpg\" alt=\"\" class=\"wp-image-89\" srcset=\"https:\/\/retrogame.dk\/wp-content\/uploads\/2026\/03\/IMG_2888-1024x683.jpg 1024w, https:\/\/retrogame.dk\/wp-content\/uploads\/2026\/03\/IMG_2888-300x200.jpg 300w, https:\/\/retrogame.dk\/wp-content\/uploads\/2026\/03\/IMG_2888-768x512.jpg 768w, https:\/\/retrogame.dk\/wp-content\/uploads\/2026\/03\/IMG_2888-1536x1024.jpg 1536w, https:\/\/retrogame.dk\/wp-content\/uploads\/2026\/03\/IMG_2888-2048x1365.jpg 2048w, https:\/\/retrogame.dk\/wp-content\/uploads\/2026\/03\/IMG_2888-1320x880.jpg 1320w, https:\/\/retrogame.dk\/wp-content\/uploads\/2026\/03\/IMG_2888-416x277.jpg 416w\" sizes=\"auto, (max-width: 1024px) 100vw, 1024px\" \/><\/figure>\n\n\n\n<figure class=\"wp-block-image size-large\"><img loading=\"lazy\" decoding=\"async\" width=\"1024\" height=\"683\" data-id=\"95\" src=\"https:\/\/retrogame.dk\/wp-content\/uploads\/2026\/03\/IMG_2885-1024x683.jpg\" alt=\"\" class=\"wp-image-95\" srcset=\"https:\/\/retrogame.dk\/wp-content\/uploads\/2026\/03\/IMG_2885-1024x683.jpg 1024w, https:\/\/retrogame.dk\/wp-content\/uploads\/2026\/03\/IMG_2885-300x200.jpg 300w, https:\/\/retrogame.dk\/wp-content\/uploads\/2026\/03\/IMG_2885-768x512.jpg 768w, https:\/\/retrogame.dk\/wp-content\/uploads\/2026\/03\/IMG_2885-1536x1024.jpg 1536w, https:\/\/retrogame.dk\/wp-content\/uploads\/2026\/03\/IMG_2885-2048x1365.jpg 2048w, https:\/\/retrogame.dk\/wp-content\/uploads\/2026\/03\/IMG_2885-1320x880.jpg 1320w, https:\/\/retrogame.dk\/wp-content\/uploads\/2026\/03\/IMG_2885-416x277.jpg 416w\" sizes=\"auto, (max-width: 1024px) 100vw, 1024px\" \/><\/figure>\n\n\n\n<figure class=\"wp-block-image size-large\"><img loading=\"lazy\" decoding=\"async\" width=\"1024\" height=\"683\" data-id=\"102\" src=\"https:\/\/retrogame.dk\/wp-content\/uploads\/2026\/03\/IMG_2893-1024x683.jpg\" alt=\"\" class=\"wp-image-102\" srcset=\"https:\/\/retrogame.dk\/wp-content\/uploads\/2026\/03\/IMG_2893-1024x683.jpg 1024w, https:\/\/retrogame.dk\/wp-content\/uploads\/2026\/03\/IMG_2893-300x200.jpg 300w, https:\/\/retrogame.dk\/wp-content\/uploads\/2026\/03\/IMG_2893-768x512.jpg 768w, https:\/\/retrogame.dk\/wp-content\/uploads\/2026\/03\/IMG_2893-1536x1024.jpg 1536w, https:\/\/retrogame.dk\/wp-content\/uploads\/2026\/03\/IMG_2893-2048x1365.jpg 2048w, https:\/\/retrogame.dk\/wp-content\/uploads\/2026\/03\/IMG_2893-1320x880.jpg 1320w, https:\/\/retrogame.dk\/wp-content\/uploads\/2026\/03\/IMG_2893-416x277.jpg 416w\" sizes=\"auto, (max-width: 1024px) 100vw, 1024px\" \/><\/figure>\n\n\n\n<figure class=\"wp-block-image size-large\"><img loading=\"lazy\" decoding=\"async\" width=\"683\" height=\"1024\" data-id=\"97\" src=\"https:\/\/retrogame.dk\/wp-content\/uploads\/2026\/03\/IMG_2901-1-683x1024.jpg\" alt=\"\" class=\"wp-image-97\" srcset=\"https:\/\/retrogame.dk\/wp-content\/uploads\/2026\/03\/IMG_2901-1-683x1024.jpg 683w, https:\/\/retrogame.dk\/wp-content\/uploads\/2026\/03\/IMG_2901-1-200x300.jpg 200w, https:\/\/retrogame.dk\/wp-content\/uploads\/2026\/03\/IMG_2901-1-768x1152.jpg 768w, https:\/\/retrogame.dk\/wp-content\/uploads\/2026\/03\/IMG_2901-1-1024x1536.jpg 1024w, https:\/\/retrogame.dk\/wp-content\/uploads\/2026\/03\/IMG_2901-1-1365x2048.jpg 1365w, https:\/\/retrogame.dk\/wp-content\/uploads\/2026\/03\/IMG_2901-1-1320x1980.jpg 1320w, https:\/\/retrogame.dk\/wp-content\/uploads\/2026\/03\/IMG_2901-1-416x624.jpg 416w, https:\/\/retrogame.dk\/wp-content\/uploads\/2026\/03\/IMG_2901-1-scaled.jpg 1707w\" sizes=\"auto, (max-width: 683px) 100vw, 683px\" \/><\/figure>\n\n\n\n<figure class=\"wp-block-image size-large is-style-default\"><img loading=\"lazy\" decoding=\"async\" width=\"768\" height=\"1024\" data-id=\"101\" src=\"https:\/\/retrogame.dk\/wp-content\/uploads\/2026\/03\/IMG_3720-768x1024.jpg\" alt=\"\" class=\"wp-image-101\" srcset=\"https:\/\/retrogame.dk\/wp-content\/uploads\/2026\/03\/IMG_3720-768x1024.jpg 768w, https:\/\/retrogame.dk\/wp-content\/uploads\/2026\/03\/IMG_3720-225x300.jpg 225w, https:\/\/retrogame.dk\/wp-content\/uploads\/2026\/03\/IMG_3720-1152x1536.jpg 1152w, https:\/\/retrogame.dk\/wp-content\/uploads\/2026\/03\/IMG_3720-1536x2048.jpg 1536w, https:\/\/retrogame.dk\/wp-content\/uploads\/2026\/03\/IMG_3720-1320x1760.jpg 1320w, https:\/\/retrogame.dk\/wp-content\/uploads\/2026\/03\/IMG_3720-416x555.jpg 416w, https:\/\/retrogame.dk\/wp-content\/uploads\/2026\/03\/IMG_3720-scaled.jpg 1920w\" sizes=\"auto, (max-width: 768px) 100vw, 768px\" \/><\/figure>\n\n\n\n<figure class=\"wp-block-image size-large\"><img loading=\"lazy\" decoding=\"async\" width=\"1024\" height=\"683\" data-id=\"98\" src=\"https:\/\/retrogame.dk\/wp-content\/uploads\/2026\/03\/IMG_2919-1-1024x683.jpg\" alt=\"\" class=\"wp-image-98\" srcset=\"https:\/\/retrogame.dk\/wp-content\/uploads\/2026\/03\/IMG_2919-1-1024x683.jpg 1024w, https:\/\/retrogame.dk\/wp-content\/uploads\/2026\/03\/IMG_2919-1-300x200.jpg 300w, https:\/\/retrogame.dk\/wp-content\/uploads\/2026\/03\/IMG_2919-1-768x512.jpg 768w, https:\/\/retrogame.dk\/wp-content\/uploads\/2026\/03\/IMG_2919-1-1536x1024.jpg 1536w, https:\/\/retrogame.dk\/wp-content\/uploads\/2026\/03\/IMG_2919-1-2048x1365.jpg 2048w, https:\/\/retrogame.dk\/wp-content\/uploads\/2026\/03\/IMG_2919-1-1320x880.jpg 1320w, https:\/\/retrogame.dk\/wp-content\/uploads\/2026\/03\/IMG_2919-1-416x277.jpg 416w\" sizes=\"auto, (max-width: 1024px) 100vw, 1024px\" \/><\/figure>\n\n\n\n<figure class=\"wp-block-image size-large\"><img loading=\"lazy\" decoding=\"async\" width=\"1024\" height=\"683\" data-id=\"99\" src=\"https:\/\/retrogame.dk\/wp-content\/uploads\/2026\/03\/IMG_2896-1-1024x683.jpg\" alt=\"\" class=\"wp-image-99\" srcset=\"https:\/\/retrogame.dk\/wp-content\/uploads\/2026\/03\/IMG_2896-1-1024x683.jpg 1024w, https:\/\/retrogame.dk\/wp-content\/uploads\/2026\/03\/IMG_2896-1-300x200.jpg 300w, https:\/\/retrogame.dk\/wp-content\/uploads\/2026\/03\/IMG_2896-1-768x512.jpg 768w, https:\/\/retrogame.dk\/wp-content\/uploads\/2026\/03\/IMG_2896-1-1536x1024.jpg 1536w, https:\/\/retrogame.dk\/wp-content\/uploads\/2026\/03\/IMG_2896-1-2048x1365.jpg 2048w, https:\/\/retrogame.dk\/wp-content\/uploads\/2026\/03\/IMG_2896-1-1320x880.jpg 1320w, https:\/\/retrogame.dk\/wp-content\/uploads\/2026\/03\/IMG_2896-1-416x277.jpg 416w\" sizes=\"auto, (max-width: 1024px) 100vw, 1024px\" \/><\/figure>\n<\/figure>\n\n\n\n<h2 class=\"wp-block-heading\">Sci-Fi Con 2021<\/h2>\n\n\n\n<p>Efter en pause pga. corona var vi tilbage igen i Randers Arena. Vi havde denne gang nogle af de samme maskiner med, men vi havde ogs\u00e5 en mindre udstilling med diverse retro elektronik. F.eks. alle de ting som vi har i en moderne telefon, delt ud i enkelte ting, som kamera, radio osv. <\/p>\n\n\n\n<p><\/p>\n\n\n\n<figure class=\"wp-block-gallery has-nested-images columns-default is-cropped wp-block-gallery-3 is-layout-flex wp-block-gallery-is-layout-flex\">\n<figure class=\"wp-block-image size-large\"><img loading=\"lazy\" decoding=\"async\" width=\"1024\" height=\"1024\" data-id=\"190\" src=\"https:\/\/retrogame.dk\/wp-content\/uploads\/2026\/04\/IMG_1290Edited-1024x1024.jpg\" alt=\"\" class=\"wp-image-190\" srcset=\"https:\/\/retrogame.dk\/wp-content\/uploads\/2026\/04\/IMG_1290Edited-1024x1024.jpg 1024w, https:\/\/retrogame.dk\/wp-content\/uploads\/2026\/04\/IMG_1290Edited-300x300.jpg 300w, https:\/\/retrogame.dk\/wp-content\/uploads\/2026\/04\/IMG_1290Edited-150x150.jpg 150w, https:\/\/retrogame.dk\/wp-content\/uploads\/2026\/04\/IMG_1290Edited-768x768.jpg 768w, https:\/\/retrogame.dk\/wp-content\/uploads\/2026\/04\/IMG_1290Edited-1536x1536.jpg 1536w, https:\/\/retrogame.dk\/wp-content\/uploads\/2026\/04\/IMG_1290Edited-1320x1320.jpg 1320w, https:\/\/retrogame.dk\/wp-content\/uploads\/2026\/04\/IMG_1290Edited-416x416.jpg 416w, https:\/\/retrogame.dk\/wp-content\/uploads\/2026\/04\/IMG_1290Edited-100x100.jpg 100w, https:\/\/retrogame.dk\/wp-content\/uploads\/2026\/04\/IMG_1290Edited.jpg 1773w\" sizes=\"auto, (max-width: 1024px) 100vw, 1024px\" \/><\/figure>\n\n\n\n<figure class=\"wp-block-image size-large\"><img loading=\"lazy\" decoding=\"async\" width=\"1024\" height=\"1024\" data-id=\"193\" src=\"https:\/\/retrogame.dk\/wp-content\/uploads\/2026\/04\/IMG_1294Edited-1024x1024.jpg\" alt=\"\" class=\"wp-image-193\" srcset=\"https:\/\/retrogame.dk\/wp-content\/uploads\/2026\/04\/IMG_1294Edited-1024x1024.jpg 1024w, https:\/\/retrogame.dk\/wp-content\/uploads\/2026\/04\/IMG_1294Edited-300x300.jpg 300w, https:\/\/retrogame.dk\/wp-content\/uploads\/2026\/04\/IMG_1294Edited-150x150.jpg 150w, https:\/\/retrogame.dk\/wp-content\/uploads\/2026\/04\/IMG_1294Edited-768x768.jpg 768w, https:\/\/retrogame.dk\/wp-content\/uploads\/2026\/04\/IMG_1294Edited-1536x1536.jpg 1536w, https:\/\/retrogame.dk\/wp-content\/uploads\/2026\/04\/IMG_1294Edited-1320x1320.jpg 1320w, https:\/\/retrogame.dk\/wp-content\/uploads\/2026\/04\/IMG_1294Edited-416x416.jpg 416w, https:\/\/retrogame.dk\/wp-content\/uploads\/2026\/04\/IMG_1294Edited-100x100.jpg 100w, https:\/\/retrogame.dk\/wp-content\/uploads\/2026\/04\/IMG_1294Edited.jpg 1773w\" sizes=\"auto, (max-width: 1024px) 100vw, 1024px\" \/><\/figure>\n\n\n\n<figure class=\"wp-block-image size-large\"><img loading=\"lazy\" decoding=\"async\" width=\"1024\" height=\"1024\" data-id=\"191\" src=\"https:\/\/retrogame.dk\/wp-content\/uploads\/2026\/04\/IMG_1295Edited-1024x1024.jpg\" alt=\"\" class=\"wp-image-191\" srcset=\"https:\/\/retrogame.dk\/wp-content\/uploads\/2026\/04\/IMG_1295Edited-1024x1024.jpg 1024w, https:\/\/retrogame.dk\/wp-content\/uploads\/2026\/04\/IMG_1295Edited-300x300.jpg 300w, https:\/\/retrogame.dk\/wp-content\/uploads\/2026\/04\/IMG_1295Edited-150x150.jpg 150w, https:\/\/retrogame.dk\/wp-content\/uploads\/2026\/04\/IMG_1295Edited-768x768.jpg 768w, https:\/\/retrogame.dk\/wp-content\/uploads\/2026\/04\/IMG_1295Edited-1536x1536.jpg 1536w, https:\/\/retrogame.dk\/wp-content\/uploads\/2026\/04\/IMG_1295Edited-1320x1320.jpg 1320w, https:\/\/retrogame.dk\/wp-content\/uploads\/2026\/04\/IMG_1295Edited-416x416.jpg 416w, https:\/\/retrogame.dk\/wp-content\/uploads\/2026\/04\/IMG_1295Edited-100x100.jpg 100w, https:\/\/retrogame.dk\/wp-content\/uploads\/2026\/04\/IMG_1295Edited.jpg 1773w\" sizes=\"auto, (max-width: 1024px) 100vw, 1024px\" \/><\/figure>\n\n\n\n<figure class=\"wp-block-image size-large\"><img loading=\"lazy\" decoding=\"async\" width=\"1024\" height=\"1024\" data-id=\"192\" src=\"https:\/\/retrogame.dk\/wp-content\/uploads\/2026\/04\/IMG_1296Edited-1024x1024.jpg\" alt=\"\" class=\"wp-image-192\" srcset=\"https:\/\/retrogame.dk\/wp-content\/uploads\/2026\/04\/IMG_1296Edited-1024x1024.jpg 1024w, https:\/\/retrogame.dk\/wp-content\/uploads\/2026\/04\/IMG_1296Edited-300x300.jpg 300w, https:\/\/retrogame.dk\/wp-content\/uploads\/2026\/04\/IMG_1296Edited-150x150.jpg 150w, https:\/\/retrogame.dk\/wp-content\/uploads\/2026\/04\/IMG_1296Edited-768x768.jpg 768w, https:\/\/retrogame.dk\/wp-content\/uploads\/2026\/04\/IMG_1296Edited-1536x1536.jpg 1536w, https:\/\/retrogame.dk\/wp-content\/uploads\/2026\/04\/IMG_1296Edited-1320x1320.jpg 1320w, https:\/\/retrogame.dk\/wp-content\/uploads\/2026\/04\/IMG_1296Edited-416x416.jpg 416w, https:\/\/retrogame.dk\/wp-content\/uploads\/2026\/04\/IMG_1296Edited-100x100.jpg 100w, https:\/\/retrogame.dk\/wp-content\/uploads\/2026\/04\/IMG_1296Edited.jpg 1773w\" sizes=\"auto, (max-width: 1024px) 100vw, 1024px\" \/><\/figure>\n\n\n\n<figure class=\"wp-block-image size-large\"><img loading=\"lazy\" decoding=\"async\" width=\"768\" height=\"1024\" data-id=\"194\" src=\"https:\/\/retrogame.dk\/wp-content\/uploads\/2026\/04\/IMG_1322-768x1024.jpg\" alt=\"\" class=\"wp-image-194\" srcset=\"https:\/\/retrogame.dk\/wp-content\/uploads\/2026\/04\/IMG_1322-768x1024.jpg 768w, https:\/\/retrogame.dk\/wp-content\/uploads\/2026\/04\/IMG_1322-225x300.jpg 225w, https:\/\/retrogame.dk\/wp-content\/uploads\/2026\/04\/IMG_1322-1152x1536.jpg 1152w, https:\/\/retrogame.dk\/wp-content\/uploads\/2026\/04\/IMG_1322-1536x2048.jpg 1536w, https:\/\/retrogame.dk\/wp-content\/uploads\/2026\/04\/IMG_1322-1320x1760.jpg 1320w, https:\/\/retrogame.dk\/wp-content\/uploads\/2026\/04\/IMG_1322-416x555.jpg 416w, https:\/\/retrogame.dk\/wp-content\/uploads\/2026\/04\/IMG_1322-scaled.jpg 1920w\" sizes=\"auto, (max-width: 768px) 100vw, 768px\" \/><\/figure>\n\n\n\n<figure class=\"wp-block-image size-large\"><img loading=\"lazy\" decoding=\"async\" width=\"768\" height=\"1024\" data-id=\"198\" src=\"https:\/\/retrogame.dk\/wp-content\/uploads\/2026\/04\/IMG_1320-768x1024.jpg\" alt=\"\" class=\"wp-image-198\" srcset=\"https:\/\/retrogame.dk\/wp-content\/uploads\/2026\/04\/IMG_1320-768x1024.jpg 768w, https:\/\/retrogame.dk\/wp-content\/uploads\/2026\/04\/IMG_1320-225x300.jpg 225w, https:\/\/retrogame.dk\/wp-content\/uploads\/2026\/04\/IMG_1320-1152x1536.jpg 1152w, https:\/\/retrogame.dk\/wp-content\/uploads\/2026\/04\/IMG_1320-1536x2048.jpg 1536w, https:\/\/retrogame.dk\/wp-content\/uploads\/2026\/04\/IMG_1320-1320x1760.jpg 1320w, https:\/\/retrogame.dk\/wp-content\/uploads\/2026\/04\/IMG_1320-416x555.jpg 416w, https:\/\/retrogame.dk\/wp-content\/uploads\/2026\/04\/IMG_1320-scaled.jpg 1920w\" sizes=\"auto, (max-width: 768px) 100vw, 768px\" \/><\/figure>\n\n\n\n<figure class=\"wp-block-image size-large\"><img loading=\"lazy\" decoding=\"async\" width=\"1024\" height=\"768\" data-id=\"199\" src=\"https:\/\/retrogame.dk\/wp-content\/uploads\/2026\/04\/IMG_1395-1024x768.jpg\" alt=\"\" class=\"wp-image-199\" srcset=\"https:\/\/retrogame.dk\/wp-content\/uploads\/2026\/04\/IMG_1395-1024x768.jpg 1024w, https:\/\/retrogame.dk\/wp-content\/uploads\/2026\/04\/IMG_1395-300x225.jpg 300w, https:\/\/retrogame.dk\/wp-content\/uploads\/2026\/04\/IMG_1395-768x576.jpg 768w, https:\/\/retrogame.dk\/wp-content\/uploads\/2026\/04\/IMG_1395-1536x1152.jpg 1536w, https:\/\/retrogame.dk\/wp-content\/uploads\/2026\/04\/IMG_1395-2048x1536.jpg 2048w, https:\/\/retrogame.dk\/wp-content\/uploads\/2026\/04\/IMG_1395-1320x990.jpg 1320w, https:\/\/retrogame.dk\/wp-content\/uploads\/2026\/04\/IMG_1395-324x243.jpg 324w, https:\/\/retrogame.dk\/wp-content\/uploads\/2026\/04\/IMG_1395-416x312.jpg 416w\" sizes=\"auto, (max-width: 1024px) 100vw, 1024px\" \/><\/figure>\n\n\n\n<figure class=\"wp-block-image size-large\"><img loading=\"lazy\" decoding=\"async\" width=\"1024\" height=\"768\" data-id=\"195\" src=\"https:\/\/retrogame.dk\/wp-content\/uploads\/2026\/04\/IMG_1397-1024x768.jpg\" alt=\"\" class=\"wp-image-195\" srcset=\"https:\/\/retrogame.dk\/wp-content\/uploads\/2026\/04\/IMG_1397-1024x768.jpg 1024w, https:\/\/retrogame.dk\/wp-content\/uploads\/2026\/04\/IMG_1397-300x225.jpg 300w, https:\/\/retrogame.dk\/wp-content\/uploads\/2026\/04\/IMG_1397-768x576.jpg 768w, https:\/\/retrogame.dk\/wp-content\/uploads\/2026\/04\/IMG_1397-1536x1152.jpg 1536w, https:\/\/retrogame.dk\/wp-content\/uploads\/2026\/04\/IMG_1397-2048x1536.jpg 2048w, https:\/\/retrogame.dk\/wp-content\/uploads\/2026\/04\/IMG_1397-1320x990.jpg 1320w, https:\/\/retrogame.dk\/wp-content\/uploads\/2026\/04\/IMG_1397-324x243.jpg 324w, https:\/\/retrogame.dk\/wp-content\/uploads\/2026\/04\/IMG_1397-416x312.jpg 416w\" sizes=\"auto, (max-width: 1024px) 100vw, 1024px\" \/><\/figure>\n<\/figure>\n","protected":false},"excerpt":{"rendered":"<p>Sci-Fi Con 2017 Vi var med til Sci-Fi Con i Randers for f\u00f8rste gang. Dengang hed det stadig Star Wars Messe. Vi havde nogle enkelte maskiner med, som folk kunne pr\u00f8ve. Det var en stor succes, b\u00e5de for b\u00f8rn og voksne. Sci-Fi Con 2018 Vi var igen til stede til Sci-Fi Con og denne gang [&hellip;]<\/p>\n","protected":false},"author":1,"featured_media":0,"parent":0,"menu_order":0,"comment_status":"closed","ping_status":"closed","template":"","meta":{"footnotes":""},"class_list":["post-60","page","type-page","status-publish","hentry"],"jetpack_sharing_enabled":true,"_links":{"self":[{"href":"https:\/\/retrogame.dk\/index.php\/wp-json\/wp\/v2\/pages\/60","targetHints":{"allow":["GET"]}}],"collection":[{"href":"https:\/\/retrogame.dk\/index.php\/wp-json\/wp\/v2\/pages"}],"about":[{"href":"https:\/\/retrogame.dk\/index.php\/wp-json\/wp\/v2\/types\/page"}],"author":[{"embeddable":true,"href":"https:\/\/retrogame.dk\/index.php\/wp-json\/wp\/v2\/users\/1"}],"replies":[{"embeddable":true,"href":"https:\/\/retrogame.dk\/index.php\/wp-json\/wp\/v2\/comments?post=60"}],"version-history":[{"count":6,"href":"https:\/\/retrogame.dk\/index.php\/wp-json\/wp\/v2\/pages\/60\/revisions"}],"predecessor-version":[{"id":200,"href":"https:\/\/retrogame.dk\/index.php\/wp-json\/wp\/v2\/pages\/60\/revisions\/200"}],"wp:attachment":[{"href":"https:\/\/retrogame.dk\/index.php\/wp-json\/wp\/v2\/media?parent=60"}],"curies":[{"name":"wp","href":"https:\/\/api.w.org\/{rel}","templated":true}]}}